{"id":202,"date":"2022-08-26T23:11:59","date_gmt":"2022-08-26T21:11:59","guid":{"rendered":"https:\/\/www.societe-nautique-saint-tropez.fr\/?page_id=202"},"modified":"2026-01-12T09:39:44","modified_gmt":"2026-01-12T08:39:44","slug":"licences-et-cotisations","status":"publish","type":"page","link":"https:\/\/www.societe-nautique-saint-tropez.fr\/fr\/le-club\/licences-et-cotisations","title":{"rendered":"Licences et Cotisations"},"content":{"rendered":"\n<div class=\"wp-block-columns alignwide is-layout-flex wp-container-core-columns-is-layout-28f84493 wp-block-columns-is-layout-flex\">\n<div class=\"wp-block-column is-layout-flow wp-block-column-is-layout-flow\">\n<figure class=\"wp-block-image aligncenter size-large is-resized\"><img loading=\"lazy\" decoding=\"async\" width=\"1024\" height=\"337\" data-tippy-content=\"sliderLICENCE1-1500&#215;494\" src=\"https:\/\/www.societe-nautique-saint-tropez.fr\/wp-content\/uploads\/2022\/08\/sliderLICENCE1-1500x494-1030x339-1-1024x337.jpg\" alt=\"\" class=\"wp-image-204\" style=\"width:435px;height:auto\" srcset=\"https:\/\/www.societe-nautique-saint-tropez.fr\/wp-content\/uploads\/2022\/08\/sliderLICENCE1-1500x494-1030x339-1-1024x337.jpg 1024w, https:\/\/www.societe-nautique-saint-tropez.fr\/wp-content\/uploads\/2022\/08\/sliderLICENCE1-1500x494-1030x339-1-300x99.jpg 300w, https:\/\/www.societe-nautique-saint-tropez.fr\/wp-content\/uploads\/2022\/08\/sliderLICENCE1-1500x494-1030x339-1-768x253.jpg 768w, https:\/\/www.societe-nautique-saint-tropez.fr\/wp-content\/uploads\/2022\/08\/sliderLICENCE1-1500x494-1030x339-1.jpg 1030w\" sizes=\"auto, (max-width: 1024px) 100vw, 1024px\" \/><\/figure>\n<\/div>\n<\/div>\n\n\n\n<div class=\"wp-block-columns is-layout-flex wp-container-core-columns-is-layout-28f84493 wp-block-columns-is-layout-flex\">\n<div class=\"wp-block-column is-layout-flow wp-block-column-is-layout-flow\">\n<h2 class=\"wp-block-heading has-text-align-center\">COTISATION MEMBRE<br>AVEC LICENCE<\/h2>\n\n\n\n<h3 class=\"wp-block-heading has-text-align-center has-red-600-color has-text-color has-link-color wp-elements-76407fce4783d5c6a4d00a6a755dd2b1\"><strong>Seulement pour les membres d\u00e9j\u00e0 enregistr\u00e9s,<\/strong><\/h3>\n\n\n\n<div class=\"wp-block-buttons is-layout-flex wp-block-buttons-is-layout-flex\">\n<div class=\"wp-block-button aligncenter\"><a class=\"wp-block-button__link has-primary-background-color has-background wp-element-button\" href=\"https:\/\/nvi-ins.fr\/BOUTIQUE_SNST\/FR\/Recherche.wb?P1=&amp;P2=1\" target=\"_blank\" rel=\"noreferrer noopener\"><strong>R\u00e8glement&nbsp;en ligne <br><\/strong>(ou par ch\u00e8que et\/ou sur place en esp\u00e8ce ou CB)<\/a><\/div>\n<\/div>\n\n\n\n<p><\/p>\n\n\n\n<h3 class=\"wp-block-heading has-text-align-center\"><strong>Si vous n\u2019\u00eates pas membre<\/strong>,<\/h3>\n\n\n\n<p class=\"has-text-align-center has-red-600-color has-text-color has-link-color wp-elements-7f3fd928af68acdf67af373a6bfa92fb\"><strong><a href=\"https:\/\/nvi-ins.fr\/APPLI_SNST?Aff=ADHESION\" target=\"_blank\" rel=\"noreferrer noopener\">Merci de faire la demande en ligne en CLIQUANT ICI<\/a><\/strong><br><strong>Cette demande devra&nbsp;d\u2019abord&nbsp;\u00eatre approuv\u00e9 par le CA<\/strong><br>(Attention, il faut \u00eatre parrain\u00e9 par 2 membres de la SNST \u00e0 jour de leur cotisation)<\/p>\n\n\n\n<figure class=\"wp-block-table is-style-regular\"><table class=\"has-w-color has-voiles-500-background-color has-text-color has-background has-fixed-layout\"><tbody><tr><td>Droit d\u2019entr\u00e9e des nouveaux membres<\/td><td>Pour tous les membres : 100 \u20ac sauf pour les membres de moins de 25 ans<\/td><\/tr><tr><td>Cotisation adulte non actif <\/td><td>300 \u20ac<\/td><\/tr><tr><td>Cotisation adulte ACTIF<\/td><td>250 \u20ac<\/td><\/tr><tr><td>Cotisation conjoint non actif<\/td><td>150 \u20ac<\/td><\/tr><tr><td>Cotisation conjoint ACTIF<\/td><td>125 \u20ac<\/td><\/tr><tr><td>Cotisation jeune de 18 \u00e0 25 ans<\/td><td>125 \u20ac<\/td><\/tr><tr><td>Cotisation mineur (-18ans)<\/td><td>60 \u20ac<\/td><\/tr><\/tbody><\/table><\/figure>\n\n\n\n<div style=\"height:26px\" aria-hidden=\"true\" class=\"wp-block-spacer\"><\/div>\n\n\n\n<h2 class=\"wp-block-heading has-text-align-center\">LICENCE FFVOILE SEULE<\/h2>\n\n\n\n<div class=\"wp-block-buttons is-content-justification-center is-layout-flex wp-container-core-buttons-is-layout-a89b3969 wp-block-buttons-is-layout-flex\">\n<div class=\"wp-block-button aligncenter\"><a class=\"wp-block-button__link has-w-color has-primary-background-color has-text-color has-background has-text-align-center wp-element-button\" href=\"https:\/\/nvi-ins.fr\/BOUTIQUE_SNST\/FR\/Recherche.wb?P1=&amp;P2=11\" target=\"_blank\" rel=\"noreferrer noopener\">Paiement en ligne ICI<\/a><\/div>\n<\/div>\n\n\n\n<p class=\"has-text-align-center\">Document obligatoire \u00e0 fournir :<br><a href=\"https:\/\/www.societe-nautique-saint-tropez.fr\/wp-content\/uploads\/2024\/04\/Certificat_Medical.pdf\" target=\"_blank\" rel=\"noreferrer noopener\">CERTIFICAT MEDICAL dat\u00e9 de 2026<br><\/a>ou<br><a href=\"https:\/\/www.societe-nautique-saint-tropez.fr\/wp-content\/uploads\/2024\/04\/Questionnaire_Sante_FFVoile.pdf\" data-type=\"link\" data-id=\"Questionnaire_Sante_FFVoile.pdf\" target=\"_blank\" rel=\"noreferrer noopener\">Document QUESTIONNAIRE DE SANTE<br><\/a>(pour le renouvellement d\u2019une licence annuelle si le&nbsp;certificat m\u00e9dical a \u00e9t\u00e9 d\u00e9livr\u00e9 et dat\u00e9 il y a&nbsp;<strong>au moins&nbsp;deux ans<\/strong>)<\/p>\n\n\n\n<div class=\"wp-block-columns is-layout-flex wp-container-core-columns-is-layout-28f84493 wp-block-columns-is-layout-flex\">\n<div class=\"wp-block-column is-layout-flow wp-block-column-is-layout-flow\" style=\"flex-basis:100%\">\n<figure class=\"wp-block-table aligncenter is-style-regular\"><table class=\"has-w-color has-voiles-500-background-color has-text-color has-background has-fixed-layout\"><tbody><tr><td>Licence jeune<\/td><td> 33 \u20ac<\/td><\/tr><tr><td>Licence adulte<\/td><td>72 \u20ac<\/td><\/tr><tr><td>Licence 1 Jour<\/td><td>26 \u20ac<\/td><\/tr><tr><td>Licence 4 jours cons\u00e9cutifs<\/td><td>55 \u20ac<\/td><\/tr><\/tbody><\/table><\/figure>\n<\/div>\n<\/div>\n\n\n\n<div style=\"height:0px\" aria-hidden=\"true\" class=\"wp-block-spacer\"><\/div>\n\n\n\n<div class=\"wp-block-media-text is-stacked-on-mobile\"><figure class=\"wp-block-media-text__media\"><img loading=\"lazy\" decoding=\"async\" width=\"200\" height=\"181\" src=\"https:\/\/www.societe-nautique-saint-tropez.fr\/wp-content\/uploads\/2024\/06\/FFPM-logo-3-coul-SB_modif_02-200.png\" alt=\"\" class=\"wp-image-5106 size-full\" srcset=\"https:\/\/www.societe-nautique-saint-tropez.fr\/wp-content\/uploads\/2024\/06\/FFPM-logo-3-coul-SB_modif_02-200.png 200w, https:\/\/www.societe-nautique-saint-tropez.fr\/wp-content\/uploads\/2024\/06\/FFPM-logo-3-coul-SB_modif_02-200-150x136.png 150w\" sizes=\"auto, (max-width: 200px) 100vw, 200px\" \/><\/figure><div class=\"wp-block-media-text__content\">\n<p class=\"has-2-xl-font-size\"><strong>LICENCE P\u00eache FFPM<\/strong><\/p>\n<\/div><\/div>\n\n\n\n<figure class=\"wp-block-table\"><table class=\"has-white-color has-sky-400-background-color has-text-color has-background has-link-color has-fixed-layout\"><tbody><tr><td>Licence F. F. P\u00eache en Mer<\/td><td>25 \u20ac<\/td><\/tr><\/tbody><\/table><\/figure>\n\n\n\n<div class=\"wp-block-buttons is-content-justification-center is-layout-flex wp-container-core-buttons-is-layout-a89b3969 wp-block-buttons-is-layout-flex\">\n<div class=\"wp-block-button\"><a class=\"wp-block-button__link has-text-align-center wp-element-button\" href=\"https:\/\/nvi-ins.fr\/BOUTIQUE_SNST\/FR\/Recherche.wb?P1=&amp;P2=30\" target=\"_blank\" rel=\"noreferrer noopener\">Paiement en ligne ICI<\/a><\/div>\n<\/div>\n<\/div>\n<\/div>\n\n\n\n<p><\/p>\n","protected":false},"excerpt":{"rendered":"<p>COTISATION MEMBREAVEC LICENCE Seulement pour les membres d\u00e9j\u00e0 enregistr\u00e9s, Si vous n\u2019\u00eates pas membre, Merci de faire la demande en ligne en CLIQUANT ICICette demande devra&nbsp;d\u2019abord&nbsp;\u00eatre approuv\u00e9 par le CA(Attention, il faut \u00eatre parrain\u00e9 par 2 membres de la SNST \u00e0 jour de leur cotisation) Droit d\u2019entr\u00e9e des nouveaux membres Pour tous les membres :&#8230;<\/p>\n","protected":false},"author":2,"featured_media":0,"parent":62,"menu_order":16,"comment_status":"closed","ping_status":"closed","template":"","meta":{"_acf_changed":false,"footnotes":""},"class_list":["post-202","page","type-page","status-publish","hentry"],"acf":{"subtitle":"","autoplay":false,"delay":"","video_mp4":false,"video_webm":false,"poster_image":false,"nugget":false,"partner":false},"_links":{"self":[{"href":"https:\/\/www.societe-nautique-saint-tropez.fr\/fr\/wp-json\/wp\/v2\/pages\/202","targetHints":{"allow":["GET"]}}],"collection":[{"href":"https:\/\/www.societe-nautique-saint-tropez.fr\/fr\/wp-json\/wp\/v2\/pages"}],"about":[{"href":"https:\/\/www.societe-nautique-saint-tropez.fr\/fr\/wp-json\/wp\/v2\/types\/page"}],"author":[{"embeddable":true,"href":"https:\/\/www.societe-nautique-saint-tropez.fr\/fr\/wp-json\/wp\/v2\/users\/2"}],"replies":[{"embeddable":true,"href":"https:\/\/www.societe-nautique-saint-tropez.fr\/fr\/wp-json\/wp\/v2\/comments?post=202"}],"version-history":[{"count":44,"href":"https:\/\/www.societe-nautique-saint-tropez.fr\/fr\/wp-json\/wp\/v2\/pages\/202\/revisions"}],"predecessor-version":[{"id":7008,"href":"https:\/\/www.societe-nautique-saint-tropez.fr\/fr\/wp-json\/wp\/v2\/pages\/202\/revisions\/7008"}],"up":[{"embeddable":true,"href":"https:\/\/www.societe-nautique-saint-tropez.fr\/fr\/wp-json\/wp\/v2\/pages\/62"}],"wp:attachment":[{"href":"https:\/\/www.societe-nautique-saint-tropez.fr\/fr\/wp-json\/wp\/v2\/media?parent=202"}],"curies":[{"name":"wp","href":"https:\/\/api.w.org\/{rel}","templated":true}]}}